{"id":2334,"date":"2020-12-23T04:42:01","date_gmt":"2020-12-23T04:42:01","guid":{"rendered":"https:\/\/stage.visaustralia.com\/?page_id=2334"},"modified":"2022-10-18T11:14:52","modified_gmt":"2022-10-18T00:14:52","slug":"more-information-2","status":"publish","type":"page","link":"https:\/\/www.visaustralia.com\/es\/more-information-2\/","title":{"rendered":"T\u00e9rminos y condiciones"},"content":{"rendered":"<h4 class=\"\"><strong>T\u00e9rminos y condiciones<\/strong><\/h4>\n\n\n\n<p>VisA On-line es un cuestionario gratuito que se completa en nuestro sitio web. Ha sido dise\u00f1ado por VisAustralia para brindarle una evaluaci\u00f3n preliminar de su capacidad para cumplir con los criterios de visa para la migraci\u00f3n calificada a Australia seg\u00fan los criterios establecidos en las Regulaciones de Migraci\u00f3n de 1994.<\/p>\n\n\n\n<p>El Consorcio de Migraci\u00f3n de Australia le otorga una licencia limitada para acceder y hacer uso personal de este sitio web con el fin de identificar su capacidad para solicitar una visa australiana para estudiar, trabajar o emigrar a Australia y para adquirir servicios profesionales del Consorcio de Migraci\u00f3n de Australia.<\/p>\n\n\n\n<h4 class=\"\"><strong>Descargo de responsabilidad de garant\u00edas y limitaci\u00f3n de responsabilidad<\/strong><\/h4>\n\n\n\n<p>Si bien el Consorcio de Migraci\u00f3n de Australia hace todo lo posible para garantizar que Visa en l\u00ednea sea legalmente precisa, no debe confiar solo en los resultados de Visa en l\u00ednea como una verdadera indicaci\u00f3n de su capacidad para migrar.<\/p>\n\n\n\n<p>Si desea obtener una evaluaci\u00f3n completa de su elegibilidad para la migraci\u00f3n, lo invitamos a completar una evaluaci\u00f3n legal con un abogado de VisAustralia.<\/p>\n\n\n\n<h4 class=\"\"><strong>Pol\u00edtica de privacidad<\/strong><\/h4>\n\n\n\n<p>Para ayudarnos a brindarle el mejor servicio posible, necesitamos informaci\u00f3n b\u00e1sica de usted.<\/p>\n\n\n\n<p>Usaremos esta informaci\u00f3n para confirmar sus resultados de Visa On-line y enviarle informaci\u00f3n sobre Australia y su sistema de migraci\u00f3n. No divulgaremos informaci\u00f3n personal, como su nombre, direcci\u00f3n de correo electr\u00f3nico, edad, ocupaci\u00f3n, etc., sin su permiso, a menos que sea con el fin de brindarle informaci\u00f3n relacionada con la visa o seg\u00fan lo exija la ley.<\/p>\n\n\n\n<p>El Consorcio de Migraci\u00f3n de Australia se compromete a proteger la privacidad de nuestros clientes y visitantes del sitio web.<\/p>\n\n\n\n<h4>\u00bfCu\u00e1ndo recopila informaci\u00f3n personal el Consorcio de Migraci\u00f3n de Australia?<\/h4>\n\n\n\n<p>El Consorcio de Migraci\u00f3n de Australia solo recopila informaci\u00f3n personal que usted proporciona directamente, por ejemplo, cuando env\u00eda un correo electr\u00f3nico al Consorcio de Migraci\u00f3n de Australia o proporciona informaci\u00f3n personal al Consorcio de Migraci\u00f3n de Australia cuando utiliza una parte particular del sitio web. El Consorcio de Migraci\u00f3n de Australia le preguntar\u00e1 cu\u00e1ndo necesita que proporcione m\u00e1s informaci\u00f3n personal por cualquier motivo. El Consorcio de Migraci\u00f3n de Australia solo recopilar\u00e1 informaci\u00f3n personal adicional que est\u00e9 relacionada con los servicios que usted le solicite al Consorcio de Migraci\u00f3n de Australia.<\/p>\n\n\n\n<p><em>\u00bfPor qu\u00e9 el Consorcio de Migraci\u00f3n de Australia<\/em> <em>recopilar informaci\u00f3n personal?<\/em><\/p>\n\n\n\n<p>VisAustralia recopila informaci\u00f3n personal para brindarle asesoramiento profesional sobre sus derechos en virtud del sistema de migraci\u00f3n australiano.<\/p>\n\n\n\n<p><em>\u00bfC\u00f3mo utilizar\u00e1 el Consorcio de Migraci\u00f3n de Australia la informaci\u00f3n personal que ha recopilado?<\/em><\/p>\n\n\n\n<p>El Consorcio de Migraci\u00f3n de Australia puede utilizar su direcci\u00f3n de correo electr\u00f3nico u otros datos de contacto para proporcionarle la informaci\u00f3n que ha solicitado, responder a sus comentarios, confirmar la recepci\u00f3n de los correos electr\u00f3nicos que ha enviado al Consorcio de Migraci\u00f3n de Australia y, si el Consorcio de Migraci\u00f3n de Australia necesita comunicarse con usted por cualquier motivo, por ejemplo, para asegurarse de que la informaci\u00f3n personal que ha recopilado sobre usted sea precisa y est\u00e9 actualizada, para comunicarse con usted. <\/p>\n\n\n\n<h4>Darse de baja<\/h4>\n\n\n\n<p>Puede optar por dejar de recibir correspondencia del Consorcio de Migraci\u00f3n de Australia haciendo clic en &quot;Cancelar suscripci\u00f3n&quot; en cualquier correo electr\u00f3nico o aviso del Consorcio de Migraci\u00f3n de Australia.<\/p>\n\n\n\n<h4>Seguridad de las Transmisiones Electr\u00f3nicas<\/h4>\n\n\n\n<p class=\"has-text-align-left\">El Consorcio de Migraci\u00f3n de Australia ha implementado medidas y pol\u00edticas de tecnolog\u00eda y seguridad para proteger la informaci\u00f3n personal que puede transmitir al sitio web. Sin embargo, aunque el Consorcio de Migraci\u00f3n de Australia hace todo lo posible para proteger la informaci\u00f3n que usted puede transmitir al sitio web, la naturaleza de las transmisiones electr\u00f3nicas es tal que existe la posibilidad de que un tercero observe esta informaci\u00f3n mientras est\u00e1 en tr\u00e1nsito.<\/p>\n\n\n\n<h4 class=\"\">Para acceder a Visa On-line<\/h4>\n\n\n\n<p>El acceso a VisA On-line y la compra de cualquier servicio del Consorcio de Migraci\u00f3n de Australia a trav\u00e9s de este sitio web est\u00e1 condicionado a la aceptaci\u00f3n de estos t\u00e9rminos y condiciones.<\/p>\n\n\n\n<p>Para aceptar estos t\u00e9rminos y condiciones e iniciar VisA en l\u00ednea, haga clic en &quot;Acepto&quot;.<\/p>","protected":false},"excerpt":{"rendered":"<p>T\u00e9rminos y condiciones VisA On-line es un cuestionario gratuito que se completa en nuestro sitio web. Ha sido dise\u00f1ado por VisAustralia para brindarle una evaluaci\u00f3n preliminar de su capacidad para cumplir con los criterios de visa para la migraci\u00f3n calificada a Australia seg\u00fan los criterios establecidos en las Regulaciones de Migraci\u00f3n de 1994. El Consorcio de Migraci\u00f3n de Australia le otorga [\u2026]<\/p>","protected":false},"author":1,"featured_media":3995,"parent":0,"menu_order":0,"comment_status":"closed","ping_status":"closed","template":"templates\/disagree.php","meta":[],"_links":{"self":[{"href":"https:\/\/www.visaustralia.com\/es\/wp-json\/wp\/v2\/pages\/2334"}],"collection":[{"href":"https:\/\/www.visaustralia.com\/es\/wp-json\/wp\/v2\/pages"}],"about":[{"href":"https:\/\/www.visaustralia.com\/es\/wp-json\/wp\/v2\/types\/page"}],"author":[{"embeddable":true,"href":"https:\/\/www.visaustralia.com\/es\/wp-json\/wp\/v2\/users\/1"}],"replies":[{"embeddable":true,"href":"https:\/\/www.visaustralia.com\/es\/wp-json\/wp\/v2\/comments?post=2334"}],"version-history":[{"count":24,"href":"https:\/\/www.visaustralia.com\/es\/wp-json\/wp\/v2\/pages\/2334\/revisions"}],"predecessor-version":[{"id":8047,"href":"https:\/\/www.visaustralia.com\/es\/wp-json\/wp\/v2\/pages\/2334\/revisions\/8047"}],"wp:featuredmedia":[{"embeddable":true,"href":"https:\/\/www.visaustralia.com\/es\/wp-json\/wp\/v2\/media\/3995"}],"wp:attachment":[{"href":"https:\/\/www.visaustralia.com\/es\/wp-json\/wp\/v2\/media?parent=2334"}],"curies":[{"name":"wp","href":"https:\/\/api.w.org\/{rel}","templated":true}]}}