{"id":7037,"date":"2020-09-14T11:57:08","date_gmt":"2020-09-14T11:57:08","guid":{"rendered":"https:\/\/www.visaustralia.com\/visa-online\/"},"modified":"2021-10-26T17:27:17","modified_gmt":"2021-10-26T06:27:17","slug":"visa-online","status":"publish","type":"page","link":"https:\/\/www.visaustralia.com\/es\/visa-online\/","title":{"rendered":"Herramienta de autoevaluaci\u00f3n en l\u00ednea de VisA"},"content":{"rendered":"<h3>Acerca de VisA en linea<\/h3>\n\n<p>VisA On-line eval\u00faa su elegibilidad para emigrar a Australia. Asesoramiento gratuito, instant\u00e1neo y preciso sobre su capacidad para vivir y trabajar de forma permanente en Australia.<\/p>\n\n<p>VisA On-line refleja la versi\u00f3n m\u00e1s reciente de la Ley de Migraci\u00f3n de Australia, las ocupaciones actualmente en demanda en Australia, la prueba de puntos de visa actual, y se actualiza al 1 de mayo de 2021.<\/p>\n\n<p>Al completar Visa On-line, sabr\u00e1 lo siguiente: <\/p>\n\n<p>1. Si puede emigrar a Australia;<br\/>2. La mejor visa para solicitar;<br\/>  3. Su puntuaci\u00f3n en la prueba de puntos de migraci\u00f3n; y<br\/>  4. Si necesita venir a Australia a estudiar como parte de su estrategia de visado.<\/p>\n\n<p>Recibir\u00e1 un correo electr\u00f3nico confirmando los resultados de su evaluaci\u00f3n y ser\u00e1 invitado a asistir a una discusi\u00f3n sin compromiso sobre sus opciones de visa con un experto de VisAustralia.<\/p>\n\n<h4>C\u00f3mo utilizar Visa Online<\/h4>\n\n<p>VisA On-line es una solicitud en l\u00ednea que se completa en nuestro sitio web. Necesita registrar sus datos para acceder a VisA On-line y luego puede utilizar la aplicaci\u00f3n tantas veces como desee.<\/p>\n\n<p>Una descripci\u00f3n m\u00e1s detallada de VisA On-line, los t\u00e9rminos y condiciones de uso y la pol\u00edtica de privacidad se encuentran en M\u00e1s informaci\u00f3n. Al hacer clic en \u201cAcepto\u201d, acepta estos t\u00e9rminos y condiciones y puede registrarse para utilizar VisA en l\u00ednea.<\/p>\n\n<p><\/p>","protected":false},"excerpt":{"rendered":"<p>Acerca de VisA en l\u00ednea VisA On-line eval\u00faa su elegibilidad para emigrar a Australia. Asesoramiento gratuito, instant\u00e1neo y preciso sobre su capacidad para vivir y trabajar de forma permanente en Australia. VisA On-line refleja la versi\u00f3n m\u00e1s reciente de la Ley de Migraci\u00f3n de Australia, las ocupaciones actualmente en demanda en Australia, la prueba [\u2026]<\/p>","protected":false},"author":1,"featured_media":6882,"parent":0,"menu_order":0,"comment_status":"closed","ping_status":"closed","template":"templates\/basic_info.php","meta":[],"_links":{"self":[{"href":"https:\/\/www.visaustralia.com\/es\/wp-json\/wp\/v2\/pages\/7037"}],"collection":[{"href":"https:\/\/www.visaustralia.com\/es\/wp-json\/wp\/v2\/pages"}],"about":[{"href":"https:\/\/www.visaustralia.com\/es\/wp-json\/wp\/v2\/types\/page"}],"author":[{"embeddable":true,"href":"https:\/\/www.visaustralia.com\/es\/wp-json\/wp\/v2\/users\/1"}],"replies":[{"embeddable":true,"href":"https:\/\/www.visaustralia.com\/es\/wp-json\/wp\/v2\/comments?post=7037"}],"version-history":[{"count":3,"href":"https:\/\/www.visaustralia.com\/es\/wp-json\/wp\/v2\/pages\/7037\/revisions"}],"predecessor-version":[{"id":7139,"href":"https:\/\/www.visaustralia.com\/es\/wp-json\/wp\/v2\/pages\/7037\/revisions\/7139"}],"wp:featuredmedia":[{"embeddable":true,"href":"https:\/\/www.visaustralia.com\/es\/wp-json\/wp\/v2\/media\/6882"}],"wp:attachment":[{"href":"https:\/\/www.visaustralia.com\/es\/wp-json\/wp\/v2\/media?parent=7037"}],"curies":[{"name":"wp","href":"https:\/\/api.w.org\/{rel}","templated":true}]}}